{"id":1846,"date":"2018-10-30T15:20:27","date_gmt":"2018-10-30T14:20:27","guid":{"rendered":"https:\/\/transporti-buneta.hr\/gps-tracking\/"},"modified":"2020-01-14T15:06:11","modified_gmt":"2020-01-14T14:06:11","slug":"gps-tracking","status":"publish","type":"page","link":"https:\/\/transporti-buneta.hr\/de\/gps-tracking\/","title":{"rendered":"GPS Tracking"},"content":{"rendered":"<p><div class=\"fusion-fullwidth fullwidth-box fusion-builder-row-1 nonhundred-percent-fullwidth non-hundred-percent-height-scrolling\" style=\"background-color: rgba(255,255,255,0);background-position: left top;background-repeat: no-repeat;padding-top:0px;padding-right:0px;padding-bottom:60px;padding-left:0px;margin-bottom: 0px;margin-top: 0px;border-width: 0px 0px 0px 0px;border-color:#eae9e9;border-style:solid;\" ><div class=\"fusion-builder-row fusion-row\"><div class=\"fusion-layout-column fusion_builder_column fusion-builder-column-0 fusion_builder_column_1_2 1_2 fusion-one-half fusion-column-first\" style=\"width:48%; margin-right: 4%;margin-top:0px;margin-bottom:20px;\"><div class=\"fusion-column-wrapper fusion-flex-column-wrapper-legacy\" style=\"background-position:left top;background-repeat:no-repeat;-webkit-background-size:cover;-moz-background-size:cover;-o-background-size:cover;background-size:cover;padding: 0px 0px 0px 20px;\"><div class=\"fusion-text fusion-text-1\"><p style=\"letter-spacing: 4px; font-size: 13px; text-align: center; margin-bottom: 0px;\">IHRE WARE IST WERTVOLL<\/p>\n<h1 style=\"text-align: center;\">Volle Kontrolle \u00fcber den Transport<\/h1>\n<\/div><div class=\"fusion-sep-clear\"><\/div><div class=\"fusion-separator\" style=\"margin-left: auto;margin-right: auto;margin-top:15px;margin-bottom:15px;width:100%;max-width:10%;\"><div class=\"fusion-separator-border sep-single sep-solid\" style=\"border-color:#1a278d;border-top-width:1px;\"><\/div><\/div><div class=\"fusion-sep-clear\"><\/div><div class=\"fusion-text fusion-text-2\"><p style=\"text-align: center;\">Wir sind uns bewusst, dass die Fracht, die wir transportieren, sehr wertvoll ist, genau wie die Informationen \u00fcber die genaue Position der Waren in einem bestimmten Zeitpunkt. Aus diesem Grund sind alle unsere Fahrzeuge mit der modernsten Technologie f\u00fcr die \u00dcberwachung der Position von Waren und mit anderen wichtigen Parametern (die Temperatur im Anh\u00e4nger, die gesch\u00e4tzte Fahrtzeit, usw.) ausgestattet.<\/p>\n<p style=\"text-align: center;\"><strong>Alle unsere Kunden erhalten einen Benutzernamen und ein Passwort f\u00fcr den uneingeschr\u00e4nkten Zugriff auf das Interface des Programms f\u00fcr die Standortbestimmung.<\/strong><\/p>\n<\/div><div class=\"fusion-sep-clear\"><\/div><div class=\"fusion-separator fusion-full-width-sep\" style=\"margin-left: auto;margin-right: auto;margin-top:12px;width:100%;\"><\/div><div class=\"fusion-sep-clear\"><\/div><div class=\"fusion-text fusion-text-3\"><h2><span style=\"color: #ffffff;\">GPS Tracking<\/span><\/h2>\n<\/div><div class=\"fusion-clearfix\"><\/div><\/div><\/div><div class=\"fusion-layout-column fusion_builder_column fusion-builder-column-1 fusion_builder_column_1_2 1_2 fusion-one-half fusion-column-last\" style=\"width:48%;margin-top:0px;margin-bottom:20px;\"><div class=\"fusion-column-wrapper fusion-flex-column-wrapper-legacy\" style=\"background-position:right bottom;background-repeat:no-repeat;-webkit-background-size:cover;-moz-background-size:cover;-o-background-size:cover;background-size:cover;background-color:#f4f6f8;border:1px solid #ebeef1;padding: 45px 45px 45px 45px;\"><div class=\"fusion-text fusion-text-4\"><p style=\"letter-spacing: 4px; font-size: 13px; margin-bottom: 0px; text-align: center;\">INFORMATIONEN \u00dcBER DEN STANDORT<\/p>\n<h2 style=\"text-align: center;\">Verfolgen Sie die Position ihrer Waren<\/h2>\n<\/div><div class=\"imageframe-align-center\"><span class=\" fusion-imageframe imageframe-none imageframe-1 hover-type-none\"><img width=\"370\" height=\"280\" alt=\"smartivo\" title=\"smartivo\" src=\"https:\/\/transporti-buneta.hr\/wp-content\/uploads\/2018\/10\/login-page-logo.png\" class=\"img-responsive wp-image-2226\" srcset=\"https:\/\/transporti-buneta.hr\/wp-content\/uploads\/2018\/10\/login-page-logo-200x151.png 200w, https:\/\/transporti-buneta.hr\/wp-content\/uploads\/2018\/10\/login-page-logo.png 370w\" sizes=\"(max-width: 1105px) 100vw, 370px\" \/><\/span><\/div><div class=\"fusion-aligncenter\"><style>.fusion-body .fusion-button.button-1{border-color:#ffffff;border-width:0px 0px 0px 0px;border-radius:0 0 0 0;background:#a0ce4e;}.fusion-body .fusion-button.button-1 .fusion-button-text,.fusion-body .fusion-button.button-1 i,.fusion-body .fusion-button.button-1:hover .fusion-button-text,.fusion-body .fusion-button.button-1:hover i,.fusion-body .fusion-button.button-1:focus .fusion-button-text,.fusion-body .fusion-button.button-1:focus i,.fusion-body .fusion-button.button-1:active .fusion-button-text,.fusion-body .fusion-button.button-1:active i{color:#ffffff;}.fusion-body .fusion-button.button-1:hover,.fusion-body .fusion-button.button-1:active,.fusion-body .fusion-button.button-1:focus{border-color:#ffffff;border-width:0px 0px 0px 0px;background:#1a278c;}.fusion-body .fusion-button.button-1 .fusion-button-icon-divider,.fusion-body .fusion-button.button-1:hover .fusion-button-icon-divider,.fusion-body .fusion-button.button-1:active .fusion-button-icon-divider,.fusion-body .fusion-button.button-1:focus .fusion-button-icon-divider{border-color:#ffffff;}<\/style><a class=\"fusion-button button-flat button-xlarge button-custom button-1 fusion-button-default-span \" target=\"_blank\" rel=\"noopener noreferrer\" href=\"https:\/\/smartivo.com\/en\/homepage\/login\/?next=%2F\"><span class=\"fusion-button-text fusion-button-text-right\">\u00dcberpr\u00fcfen Sie die Position<\/span><span class=\"fusion-button-icon-divider button-icon-divider-right\"><i class=\"fa-angle-right fas\" aria-hidden=\"true\"><\/i><\/span><\/a><\/div><div class=\"fusion-clearfix\"><\/div><\/div><\/div><\/div><\/div><div class=\"fusion-fullwidth fullwidth-box fusion-builder-row-2 hundred-percent-fullwidth non-hundred-percent-height-scrolling fusion-equal-height-columns\" style=\"background-color: rgba(255,255,255,0);background-position: left top;background-repeat: no-repeat;padding-top:0px;padding-right:0px;padding-bottom:40px;padding-left:0px;margin-bottom: 0px;margin-top: 0px;border-width: 0px 0px 0px 0px;border-color:#eae9e9;border-style:solid;\" ><div class=\"fusion-builder-row fusion-row\"><div class=\"fusion-layout-column fusion_builder_column fusion-builder-column-2 fusion_builder_column_1_3 1_3 fusion-one-third fusion-column-first\" style=\"margin-top:0px;margin-bottom:20px;\"><div class=\"fusion-column-wrapper fusion-flex-column-wrapper-legacy\" style=\"background-position:left top;background-repeat:no-repeat;-webkit-background-size:cover;-moz-background-size:cover;-o-background-size:cover;background-size:cover;background-color:#1a278c;padding: 40px 40px 40px 40px;\"><div class=\"fusion-text fusion-text-5\"><h2 style=\"text-align: center;\"><span style=\"color: #ffffff;\">Qualit\u00e4tsgarantie<\/span><\/h2>\n<\/div><div class=\"fusion-sep-clear\"><\/div><div class=\"fusion-separator\" style=\"margin-left: auto;margin-right: auto;margin-top:30px;width:100%;max-width:40%;\"><div class=\"fusion-separator-border sep-single sep-solid\" style=\"border-color:#ffffff;border-top-width:1px;\"><\/div><\/div><div class=\"fusion-sep-clear\"><\/div><div class=\"fusion-clearfix\"><\/div><\/div><\/div><div class=\"fusion-layout-column fusion_builder_column fusion-builder-column-3 fusion_builder_column_2_3 2_3 fusion-two-third fusion-column-last\" style=\"margin-top:0px;margin-bottom:20px;\"><div class=\"fusion-column-wrapper fusion-flex-column-wrapper-legacy\" style=\"background-position:left top;background-repeat:no-repeat;-webkit-background-size:cover;-moz-background-size:cover;-o-background-size:cover;background-size:cover;background-color:#f4f6f8;padding: 40px 40px 40px 40px;\"><div class=\"fusion-text fusion-text-6\"><h2 style=\"text-align: center;\">Wir bieten Ihnen eine 100%ige Sicherheit<\/h2>\n<p>Wir bieten die besten kontrollierten Bedingungen im Innenbereich f\u00fcr den Transport Ihrer Waren. Um sich davon zu \u00fcberzeugen, steht es Ihnen frei, die Ware bei jeder Lieferung zu pr\u00fcfen. Wir haben auch daf\u00fcr gesorgt, dass die Sendung 100% gegen \u00e4u\u00dfere Bedingungen bei einer renommierten Versicherungsgesellschaft versichert ist.<\/p>\n<\/div><div class=\"imageframe-align-center\"><span class=\" fusion-imageframe imageframe-none imageframe-2 hover-type-none\"><img width=\"300\" height=\"145\" title=\"croatia-osiguranje.jog__111845\" src=\"https:\/\/transporti-buneta.hr\/wp-content\/uploads\/2020\/01\/croatia-osiguranje.jog__111845-300x145.jpg\" alt class=\"img-responsive wp-image-2649\" srcset=\"https:\/\/transporti-buneta.hr\/wp-content\/uploads\/2020\/01\/croatia-osiguranje.jog__111845-200x96.jpg 200w, https:\/\/transporti-buneta.hr\/wp-content\/uploads\/2020\/01\/croatia-osiguranje.jog__111845-400x193.jpg 400w, https:\/\/transporti-buneta.hr\/wp-content\/uploads\/2020\/01\/croatia-osiguranje.jog__111845-600x289.jpg 600w, https:\/\/transporti-buneta.hr\/wp-content\/uploads\/2020\/01\/croatia-osiguranje.jog__111845-800x385.jpg 800w, https:\/\/transporti-buneta.hr\/wp-content\/uploads\/2020\/01\/croatia-osiguranje.jog__111845.jpg 1200w\" sizes=\"(max-width: 1105px) 100vw, 800px\" \/><\/span><\/div><div class=\"fusion-clearfix\"><\/div><\/div><\/div><\/div><\/div><div class=\"fusion-bg-parallax\" data-bg-align=\"left top\" data-direction=\"up\" data-mute=\"false\" data-opacity=\"100\" data-velocity=\"-0.3\" data-mobile-enabled=\"false\" data-break_parents=\"0\" data-bg-image=\"https:\/\/transporti-buneta.hr\/wp-content\/uploads\/2018\/11\/podloga-kamion.jpg\" data-bg-repeat=\"false\" ><\/div><div class=\"fusion-fullwidth fullwidth-box fusion-builder-row-3 fusion-parallax-up nonhundred-percent-fullwidth non-hundred-percent-height-scrolling\" style=\"background-color: rgba(255,255,255,0);background-image: url(&quot;https:\/\/transporti-buneta.hr\/wp-content\/uploads\/2018\/11\/podloga-kamion.jpg&quot;);background-position: left top;background-repeat: no-repeat;padding-top:100px;padding-right:0px;padding-bottom:100px;padding-left:0px;margin-bottom: 0px;margin-top: 0px;border-width: 0px 0px 0px 0px;border-color:#eae9e9;border-style:solid;-webkit-background-size:cover;-moz-background-size:cover;-o-background-size:cover;background-size:cover;\" ><div class=\"fusion-builder-row fusion-row\"><div class=\"fusion-layout-column fusion_builder_column fusion-builder-column-4 fusion_builder_column_1_6 1_6 fusion-one-sixth fusion-column-first\" style=\"width:13.3333%; margin-right: 4%;margin-top:0px;margin-bottom:20px;\"><div class=\"fusion-column-wrapper fusion-flex-column-wrapper-legacy\" style=\"background-position:left top;background-repeat:no-repeat;-webkit-background-size:cover;-moz-background-size:cover;-o-background-size:cover;background-size:cover;padding: 10% 10% 10% 10%;\"><div class=\"fusion-clearfix\"><\/div><\/div><\/div><div class=\"fusion-layout-column fusion_builder_column fusion-builder-column-5 fusion_builder_column_2_3 2_3 fusion-two-third\" style=\"width:65.3333%; margin-right: 4%;margin-top:0px;margin-bottom:20px;\"><div class=\"fusion-column-wrapper fusion-flex-column-wrapper-legacy\" style=\"background-position:left top;background-repeat:no-repeat;-webkit-background-size:cover;-moz-background-size:cover;-o-background-size:cover;background-size:cover;background-color:rgba(255,255,255,0.7);padding: 5% 5% 5% 5%;\"><div class=\"fusion-text fusion-text-7\"><p style=\"letter-spacing: 4px; font-size: 13px; margin-bottom: 0px; text-align: center;\">KONTAKTIEREN SIE UNS<\/p>\n<h1 style=\"text-align: center;\">Buchen Sie Ihren Transport!<\/h1>\n<\/div><div class=\"fusion-sep-clear\"><\/div><div class=\"fusion-separator\" style=\"margin-left: auto;margin-right: auto;margin-top:15px;margin-bottom:15px;width:100%;max-width:10%;\"><div class=\"fusion-separator-border sep-single sep-solid\" style=\"border-color:#1a278d;border-top-width:1px;\"><\/div><\/div><div class=\"fusion-sep-clear\"><\/div><div class=\"fusion-sep-clear\"><\/div><div class=\"fusion-separator fusion-full-width-sep\" style=\"margin-left: auto;margin-right: auto;margin-top:12px;width:100%;\"><\/div><div class=\"fusion-sep-clear\"><\/div><div class=\"fusion-aligncenter\"><style>.fusion-body .fusion-button.button-2{border-color:#ffffff;border-width:0px 0px 0px 0px;border-radius:0 0 0 0;background:#a0ce4e;}.fusion-body .fusion-button.button-2 .fusion-button-text,.fusion-body .fusion-button.button-2 i,.fusion-body .fusion-button.button-2:hover .fusion-button-text,.fusion-body .fusion-button.button-2:hover i,.fusion-body .fusion-button.button-2:focus .fusion-button-text,.fusion-body .fusion-button.button-2:focus i,.fusion-body .fusion-button.button-2:active .fusion-button-text,.fusion-body .fusion-button.button-2:active i{color:#ffffff;}.fusion-body .fusion-button.button-2:hover,.fusion-body .fusion-button.button-2:active,.fusion-body .fusion-button.button-2:focus{border-color:#ffffff;border-width:0px 0px 0px 0px;background:#1a278c;}.fusion-body .fusion-button.button-2 .fusion-button-icon-divider,.fusion-body .fusion-button.button-2:hover .fusion-button-icon-divider,.fusion-body .fusion-button.button-2:active .fusion-button-icon-divider,.fusion-body .fusion-button.button-2:focus .fusion-button-icon-divider{border-color:#ffffff;}<\/style><a class=\"fusion-button button-flat button-large button-custom button-2 fusion-button-default-span \" target=\"_blank\" rel=\"noopener noreferrer\" href=\"https:\/\/transporti-buneta.hr\/de\/kontakt\/\"><span class=\"fusion-button-text fusion-button-text-right\">Buchen<\/span><span class=\"fusion-button-icon-divider button-icon-divider-right\"><i class=\"fa-angle-right fas\" aria-hidden=\"true\"><\/i><\/span><\/a><\/div><div class=\"fusion-clearfix\"><\/div><\/div><\/div><div class=\"fusion-layout-column fusion_builder_column fusion-builder-column-6 fusion_builder_column_1_6 1_6 fusion-one-sixth fusion-column-last\" style=\"width:13.3333%;margin-top:0px;margin-bottom:20px;\"><div class=\"fusion-column-wrapper fusion-flex-column-wrapper-legacy\" style=\"background-position:left top;background-repeat:no-repeat;-webkit-background-size:cover;-moz-background-size:cover;-o-background-size:cover;background-size:cover;padding: 10% 10% 10% 10%;\"><div class=\"fusion-clearfix\"><\/div><\/div><\/div><\/div><\/div><div class=\"fusion-fullwidth fullwidth-box fusion-builder-row-4 nonhundred-percent-fullwidth non-hundred-percent-height-scrolling\" style=\"background-color: rgba(255,255,255,0);background-position: center center;background-repeat: no-repeat;padding-top:0px;padding-right:0px;padding-bottom:0px;padding-left:0px;margin-bottom: 0px;margin-top: 0px;border-width: 0px 0px 0px 0px;border-color:#eae9e9;border-style:solid;\" ><div class=\"fusion-builder-row fusion-row\"><div class=\"fusion-layout-column fusion_builder_column fusion-builder-column-7 fusion_builder_column_1_1 1_1 fusion-one-full fusion-column-first fusion-column-last\" style=\"margin-top:0px;margin-bottom:20px;\"><div class=\"fusion-column-wrapper fusion-flex-column-wrapper-legacy\" style=\"background-position:left top;background-repeat:no-repeat;-webkit-background-size:cover;-moz-background-size:cover;-o-background-size:cover;background-size:cover;padding: 0px 0px 0px 0px;\"><div class=\"fusion-sep-clear\"><\/div><div class=\"fusion-separator fusion-full-width-sep\" style=\"margin-left: auto;margin-right: auto;margin-bottom:50px;width:100%;\"><\/div><div class=\"fusion-sep-clear\"><\/div><div class=\"fusion-clearfix\"><\/div><\/div><\/div><\/div><\/div><\/p>\n","protected":false},"excerpt":{"rendered":"","protected":false},"author":1,"featured_media":0,"parent":0,"menu_order":6,"comment_status":"closed","ping_status":"closed","template":"100-width.php","meta":[],"yoast_head":"<!-- This site is optimized with the Yoast SEO plugin v19.1 - https:\/\/yoast.com\/wordpress\/plugins\/seo\/ -->\n<title>GPS Tracking - Transporti Buneta<\/title>\n<meta name=\"description\" content=\"Alle unsere Fahrzeuge sind mit der modernsten Technologie f\u00fcr die \u00dcberwachung der Position und mit anderen wichtigen Parametern ausgestattet.\" \/>\n<meta name=\"robots\" content=\"index, follow, max-snippet:-1, max-image-preview:large, max-video-preview:-1\" \/>\n<link rel=\"canonical\" href=\"https:\/\/transporti-buneta.hr\/de\/gps-tracking\/\" \/>\n<meta property=\"og:locale\" content=\"de_DE\" \/>\n<meta property=\"og:type\" content=\"article\" \/>\n<meta property=\"og:title\" content=\"GPS Tracking - Transporti Buneta\" \/>\n<meta property=\"og:description\" content=\"Alle unsere Fahrzeuge sind mit der modernsten Technologie f\u00fcr die \u00dcberwachung der Position und mit anderen wichtigen Parametern ausgestattet.\" \/>\n<meta property=\"og:url\" content=\"https:\/\/transporti-buneta.hr\/de\/gps-tracking\/\" \/>\n<meta property=\"og:site_name\" content=\"Transporti Buneta\" \/>\n<meta property=\"article:modified_time\" content=\"2020-01-14T14:06:11+00:00\" \/>\n<meta name=\"twitter:card\" content=\"summary_large_image\" \/>\n<meta name=\"twitter:label1\" content=\"Gesch\u00e4tzte Lesezeit\" \/>\n\t<meta name=\"twitter:data1\" content=\"9\u00a0Minuten\" \/>\n<script type=\"application\/ld+json\" class=\"yoast-schema-graph\">{\"@context\":\"https:\/\/schema.org\",\"@graph\":[{\"@type\":\"WebSite\",\"@id\":\"https:\/\/transporti-buneta.hr\/#website\",\"url\":\"https:\/\/transporti-buneta.hr\/\",\"name\":\"Transporti Buneta\",\"description\":\"Me\u0111unarodni prijevoz tereta\",\"potentialAction\":[{\"@type\":\"SearchAction\",\"target\":{\"@type\":\"EntryPoint\",\"urlTemplate\":\"https:\/\/transporti-buneta.hr\/?s={search_term_string}\"},\"query-input\":\"required name=search_term_string\"}],\"inLanguage\":\"de\"},{\"@type\":\"WebPage\",\"@id\":\"https:\/\/transporti-buneta.hr\/de\/gps-tracking\/#webpage\",\"url\":\"https:\/\/transporti-buneta.hr\/de\/gps-tracking\/\",\"name\":\"GPS Tracking - Transporti Buneta\",\"isPartOf\":{\"@id\":\"https:\/\/transporti-buneta.hr\/#website\"},\"datePublished\":\"2018-10-30T14:20:27+00:00\",\"dateModified\":\"2020-01-14T14:06:11+00:00\",\"description\":\"Alle unsere Fahrzeuge sind mit der modernsten Technologie f\u00fcr die \u00dcberwachung der Position und mit anderen wichtigen Parametern ausgestattet.\",\"breadcrumb\":{\"@id\":\"https:\/\/transporti-buneta.hr\/de\/gps-tracking\/#breadcrumb\"},\"inLanguage\":\"de\",\"potentialAction\":[{\"@type\":\"ReadAction\",\"target\":[\"https:\/\/transporti-buneta.hr\/de\/gps-tracking\/\"]}]},{\"@type\":\"BreadcrumbList\",\"@id\":\"https:\/\/transporti-buneta.hr\/de\/gps-tracking\/#breadcrumb\",\"itemListElement\":[{\"@type\":\"ListItem\",\"position\":1,\"name\":\"Po\u010detna stranica\",\"item\":\"https:\/\/transporti-buneta.hr\/de\/\"},{\"@type\":\"ListItem\",\"position\":2,\"name\":\"GPS Tracking\"}]}]}<\/script>\n<!-- \/ Yoast SEO plugin. -->","yoast_head_json":{"title":"GPS Tracking - Transporti Buneta","description":"Alle unsere Fahrzeuge sind mit der modernsten Technologie f\u00fcr die \u00dcberwachung der Position und mit anderen wichtigen Parametern ausgestattet.","robots":{"index":"index","follow":"follow","max-snippet":"max-snippet:-1","max-image-preview":"max-image-preview:large","max-video-preview":"max-video-preview:-1"},"canonical":"https:\/\/transporti-buneta.hr\/de\/gps-tracking\/","og_locale":"de_DE","og_type":"article","og_title":"GPS Tracking - Transporti Buneta","og_description":"Alle unsere Fahrzeuge sind mit der modernsten Technologie f\u00fcr die \u00dcberwachung der Position und mit anderen wichtigen Parametern ausgestattet.","og_url":"https:\/\/transporti-buneta.hr\/de\/gps-tracking\/","og_site_name":"Transporti Buneta","article_modified_time":"2020-01-14T14:06:11+00:00","twitter_card":"summary_large_image","twitter_misc":{"Gesch\u00e4tzte Lesezeit":"9\u00a0Minuten"},"schema":{"@context":"https:\/\/schema.org","@graph":[{"@type":"WebSite","@id":"https:\/\/transporti-buneta.hr\/#website","url":"https:\/\/transporti-buneta.hr\/","name":"Transporti Buneta","description":"Me\u0111unarodni prijevoz tereta","potentialAction":[{"@type":"SearchAction","target":{"@type":"EntryPoint","urlTemplate":"https:\/\/transporti-buneta.hr\/?s={search_term_string}"},"query-input":"required name=search_term_string"}],"inLanguage":"de"},{"@type":"WebPage","@id":"https:\/\/transporti-buneta.hr\/de\/gps-tracking\/#webpage","url":"https:\/\/transporti-buneta.hr\/de\/gps-tracking\/","name":"GPS Tracking - Transporti Buneta","isPartOf":{"@id":"https:\/\/transporti-buneta.hr\/#website"},"datePublished":"2018-10-30T14:20:27+00:00","dateModified":"2020-01-14T14:06:11+00:00","description":"Alle unsere Fahrzeuge sind mit der modernsten Technologie f\u00fcr die \u00dcberwachung der Position und mit anderen wichtigen Parametern ausgestattet.","breadcrumb":{"@id":"https:\/\/transporti-buneta.hr\/de\/gps-tracking\/#breadcrumb"},"inLanguage":"de","potentialAction":[{"@type":"ReadAction","target":["https:\/\/transporti-buneta.hr\/de\/gps-tracking\/"]}]},{"@type":"BreadcrumbList","@id":"https:\/\/transporti-buneta.hr\/de\/gps-tracking\/#breadcrumb","itemListElement":[{"@type":"ListItem","position":1,"name":"Po\u010detna stranica","item":"https:\/\/transporti-buneta.hr\/de\/"},{"@type":"ListItem","position":2,"name":"GPS Tracking"}]}]}},"_links":{"self":[{"href":"https:\/\/transporti-buneta.hr\/de\/wp-json\/wp\/v2\/pages\/1846\/"}],"collection":[{"href":"https:\/\/transporti-buneta.hr\/de\/wp-json\/wp\/v2\/pages\/"}],"about":[{"href":"https:\/\/transporti-buneta.hr\/de\/wp-json\/wp\/v2\/types\/page\/"}],"author":[{"embeddable":true,"href":"https:\/\/transporti-buneta.hr\/de\/wp-json\/wp\/v2\/users\/1\/"}],"replies":[{"embeddable":true,"href":"https:\/\/transporti-buneta.hr\/de\/wp-json\/wp\/v2\/comments\/?post=1846"}],"version-history":[{"count":9,"href":"https:\/\/transporti-buneta.hr\/de\/wp-json\/wp\/v2\/pages\/1846\/revisions\/"}],"predecessor-version":[{"id":2676,"href":"https:\/\/transporti-buneta.hr\/de\/wp-json\/wp\/v2\/pages\/1846\/revisions\/2676\/"}],"wp:attachment":[{"href":"https:\/\/transporti-buneta.hr\/de\/wp-json\/wp\/v2\/media\/?parent=1846"}],"curies":[{"name":"wp","href":"https:\/\/api.w.org\/{rel}","templated":true}]}}