{"id":1891,"date":"2015-02-03T20:15:21","date_gmt":"2015-02-03T20:15:21","guid":{"rendered":"https:\/\/transporti-buneta.hr\/o-nama\/"},"modified":"2018-11-06T13:02:07","modified_gmt":"2018-11-06T12:02:07","slug":"ueber-uns","status":"publish","type":"page","link":"https:\/\/transporti-buneta.hr\/de\/ueber-uns\/","title":{"rendered":"\u00dcber uns"},"content":{"rendered":"<p><div class=\"fusion-fullwidth fullwidth-box fusion-builder-row-1 nonhundred-percent-fullwidth non-hundred-percent-height-scrolling\" style=\"background-color: rgba(255,255,255,0);background-position: left top;background-repeat: no-repeat;padding-top:0px;padding-right:0px;padding-bottom:30px;padding-left:0px;margin-bottom: 0px;margin-top: 0px;border-width: 0px 0px 0px 0px;border-color:#eae9e9;border-style:solid;\" ><div class=\"fusion-builder-row fusion-row\"><div class=\"fusion-layout-column fusion_builder_column fusion-builder-column-0 fusion_builder_column_2_5 2_5 fusion-two-fifth fusion-column-first\" style=\"width:37.6%; margin-right: 4%;margin-top:0px;margin-bottom:20px;\"><div class=\"fusion-column-wrapper fusion-flex-column-wrapper-legacy\" style=\"background-position:left top;background-repeat:no-repeat;-webkit-background-size:cover;-moz-background-size:cover;-o-background-size:cover;background-size:cover;padding: 0px 0px 0px 0px;\"><div class=\"fusion-text fusion-text-1\"><p style=\"letter-spacing: 4px; font-size: 13px; text-align: center; margin-bottom: 0px;\">UNTERNEHMENSPHILOSOPHIE<\/p>\n<h1 style=\"text-align: center;\">Der Zeit voraus zu sein<\/h1>\n<\/div><div class=\"fusion-sep-clear\"><\/div><div class=\"fusion-separator\" style=\"margin-left: auto;margin-right: auto;margin-top:15px;margin-bottom:15px;width:100%;max-width:10%;\"><div class=\"fusion-separator-border sep-single sep-solid\" style=\"border-color:#1a278d;border-top-width:1px;\"><\/div><\/div><div class=\"fusion-sep-clear\"><\/div><div class=\"fusion-text fusion-text-2\"><p>Unsere Offenheit und warme und ehrliche Kommunikation mit hoher Wertsch\u00e4tzung der verschiedenen Kulturen und Br\u00e4uche \u00f6ffnen unseren Kunden alle T\u00fcren weltweit. Das Unternehmen ist unser Gewinn \u2013 die Sicherheit des Unternehmens und sichere Arbeitspl\u00e4tze sind unsere Priorit\u00e4t. Unsere Unternehmensphilosophie lautet der Zeit voraus zu sein. Wir haben eine f\u00fchrende Position im Bereich der Transport- und Logistikdienstleistungen in Kroatien und im Ausland seit mehr als 10 Jahre. Unser Ziel ist es, Verbindungen herzustellen: Kunden, Gesch\u00e4ftspartner und Mitarbeiter durch die Zusammenarbeit zu verbinden.<\/p>\n<p>Die St\u00e4rke unserer Effizienz liegt in der Spezialisierung unserer Dienstleistungen. Die Qualit\u00e4t der Dienstleistung ist eine Frage der Unternehmenskultur, die unser Ausgangspunkt ist.<\/p>\n<\/div><div class=\"fusion-sep-clear\"><\/div><div class=\"fusion-separator fusion-full-width-sep\" style=\"margin-left: auto;margin-right: auto;margin-top:20px;width:100%;\"><\/div><div class=\"fusion-sep-clear\"><\/div><div class=\"fusion-clearfix\"><\/div><\/div><\/div><div class=\"fusion-layout-column fusion_builder_column fusion-builder-column-1 fusion_builder_column_3_5 3_5 fusion-three-fifth fusion-column-last\" style=\"width:58.4%;margin-top:0px;margin-bottom:20px;\"><div class=\"fusion-column-wrapper fusion-flex-column-wrapper-legacy\" style=\"background-position:left top;background-repeat:no-repeat;-webkit-background-size:cover;-moz-background-size:cover;-o-background-size:cover;background-size:cover;background-color:#ffffff;border:1px solid #ebeef1;padding: 40px 40px 40px 40px;\"><div class=\"imageframe-align-center\"><div class=\"awb-image-frame awb-image-frame-1 imageframe-liftup\"><span class=\" fusion-imageframe imageframe-dropshadow imageframe-1\" style=\"border:13px solid #ffffff;-webkit-box-shadow: 3px 3px 7px rgba(0,0,0,0.3);box-shadow: 3px 3px 7px rgba(0,0,0,0.3);\"><img width=\"598\" height=\"399\" alt=\"LKW buneta transport\" title=\"LKW buneta transport\" src=\"https:\/\/transporti-buneta.hr\/wp-content\/uploads\/2018\/10\/kamion-buneta-transporti-1.jpg\" class=\"img-responsive wp-image-2207\" srcset=\"https:\/\/transporti-buneta.hr\/wp-content\/uploads\/2018\/10\/kamion-buneta-transporti-1-200x133.jpg 200w, https:\/\/transporti-buneta.hr\/wp-content\/uploads\/2018\/10\/kamion-buneta-transporti-1-400x267.jpg 400w, https:\/\/transporti-buneta.hr\/wp-content\/uploads\/2018\/10\/kamion-buneta-transporti-1.jpg 598w\" sizes=\"(max-width: 1105px) 100vw, 598px\" \/><\/span><\/div><\/div><div class=\"fusion-sep-clear\"><\/div><div class=\"fusion-separator fusion-full-width-sep\" style=\"margin-left: auto;margin-right: auto;margin-top:20px;width:100%;\"><\/div><div class=\"fusion-sep-clear\"><\/div><div class=\"fusion-clearfix\"><\/div><\/div><\/div><\/div><\/div><div class=\"fusion-fullwidth fullwidth-box fusion-builder-row-2 nonhundred-percent-fullwidth non-hundred-percent-height-scrolling\" style=\"background-color: #f4f6f8;background-position: center top;background-repeat: no-repeat;padding-top:30px;padding-right:0px;padding-bottom:50px;padding-left:0px;margin-bottom: 0px;margin-top: 0px;border-width: 0px 0px 0px 0px;border-color:#eae9e9;border-style:solid;\" ><div class=\"fusion-builder-row fusion-row\"><div class=\"fusion-layout-column fusion_builder_column fusion-builder-column-2 fusion_builder_column_2_5 2_5 fusion-two-fifth fusion-column-first fusion-column-no-min-height\" style=\"width:37.6%; margin-right: 4%;margin-top:0px;margin-bottom:0px;\"><div class=\"fusion-column-wrapper fusion-flex-column-wrapper-legacy\" style=\"background-position:left top;background-repeat:no-repeat;-webkit-background-size:cover;-moz-background-size:cover;-o-background-size:cover;background-size:cover;padding: 0px 0px 0px 0px;\"><div class=\"fusion-sep-clear\"><\/div><div class=\"fusion-separator fusion-full-width-sep\" style=\"margin-left: auto;margin-right: auto;margin-top:20px;width:100%;\"><\/div><div class=\"fusion-sep-clear\"><\/div><div class=\"imageframe-align-center\"><span class=\" fusion-imageframe imageframe-none imageframe-2 hover-type-none\"><img width=\"300\" height=\"168\" alt=\"Wir geben niemals auf\" title=\"Wir geben niemals auf\" src=\"https:\/\/transporti-buneta.hr\/wp-content\/uploads\/2018\/10\/nema_predaje1.png\" class=\"img-responsive wp-image-2209\" srcset=\"https:\/\/transporti-buneta.hr\/wp-content\/uploads\/2018\/10\/nema_predaje1-200x112.png 200w, https:\/\/transporti-buneta.hr\/wp-content\/uploads\/2018\/10\/nema_predaje1.png 300w\" sizes=\"(max-width: 1105px) 100vw, 300px\" \/><\/span><\/div><div class=\"fusion-clearfix\"><\/div><\/div><\/div><div class=\"fusion-layout-column fusion_builder_column fusion-builder-column-3 fusion_builder_column_3_5 3_5 fusion-three-fifth fusion-column-last fusion-column-no-min-height\" style=\"width:58.4%;margin-top:0px;margin-bottom:0px;\"><div class=\"fusion-column-wrapper fusion-flex-column-wrapper-legacy\" style=\"background-position:left top;background-repeat:no-repeat;-webkit-background-size:cover;-moz-background-size:cover;-o-background-size:cover;background-size:cover;padding: 0px 0px 0px 0px;\"><div class=\"fusion-text fusion-text-3\"><p style=\"letter-spacing: 4px; font-size: 13px; margin-bottom: 0px; text-align: left;\">UNSER GESCH\u00c4FTSMOTTO IST<\/p>\n<h1 style=\"text-align: left;\">Wir geben niemals auf!<\/h1>\n<\/div><div class=\"fusion-sep-clear\"><\/div><div class=\"fusion-separator fusion-clearfix\" style=\"float:left;margin-top:15px;margin-bottom:15px;width:100%;max-width:10%;\"><div class=\"fusion-separator-border sep-single sep-solid\" style=\"border-color:#1a278d;border-top-width:1px;\"><\/div><\/div><div class=\"fusion-sep-clear\"><\/div><div class=\"fusion-text fusion-text-4\"><p style=\"text-align: left; padding-right: 80px;\">Das Gesch\u00e4ftsmotto \u201eWir geben niemals auf!\u201c in der Gesch\u00e4ftsdynamik unserer Firma und ein hohes Engagement der Angestellten helfen uns nach der f\u00fchrenden Position in allen f\u00fchrenden Segmenten zu streben. Unsere Philosophie motiviert uns immer wieder, unsere Gesch\u00e4ftsprozesse, die Ziele und Konzepte auf h\u00f6chstem Niveau zu halten und uns kontinuierlich zu verbessern.<\/p>\n<\/div><div class=\"fusion-clearfix\"><\/div><\/div><\/div><\/div><\/div><div class=\"fusion-fullwidth fullwidth-box fusion-builder-row-3 nonhundred-percent-fullwidth non-hundred-percent-height-scrolling fusion-equal-height-columns\" style=\"background-color: rgba(255,255,255,0);background-position: left top;background-repeat: no-repeat;padding-top:50px;padding-right:0px;padding-bottom:50px;padding-left:0px;margin-bottom: 0px;margin-top: 0px;border-width: 0px 0px 0px 0px;border-color:#eae9e9;border-style:solid;\" ><div class=\"fusion-builder-row fusion-row\"><div class=\"fusion-layout-column fusion_builder_column fusion-builder-column-4 fusion_builder_column_2_5 2_5 fusion-two-fifth fusion-column-first\" style=\"margin-top:0px;margin-bottom:20px;\"><div class=\"fusion-column-wrapper fusion-flex-column-wrapper-legacy\" style=\"background-position:right bottom;background-repeat:no-repeat;-webkit-background-size:cover;-moz-background-size:cover;-o-background-size:cover;background-size:cover;padding: 0px 0px 0px 0px;\"><div class=\"fusion-text fusion-text-5\"><p style=\"letter-spacing: 4px; font-size: 13px; margin-bottom: 0px; text-align: left;\">UM ERFOLG ZU ERREICHEN<\/p>\n<h1 style=\"text-align: left;\">Unsere Angestellten sind das Ma\u00df f\u00fcr unseren Erfolg<\/h1>\n<\/div><div class=\"fusion-sep-clear\"><\/div><div class=\"fusion-separator fusion-clearfix\" style=\"float:left;margin-top:15px;margin-bottom:15px;width:100%;max-width:10%;\"><div class=\"fusion-separator-border sep-single sep-solid\" style=\"border-color:#1a278d;border-top-width:1px;\"><\/div><\/div><div class=\"fusion-sep-clear\"><\/div><div class=\"fusion-text fusion-text-6\"><p style=\"text-align: left; padding-right: 80px;\">Die Entwicklung, die Kompetenz, die Bereitschaft zur Innovation und zu der pers\u00f6nlichen Entwicklung jedes einzelnen Angestellten beeinflussen die St\u00e4rke unserer Dienstleistungen. Das neue Modell der Direktlogistik, das wir anwenden, zeugt von dieser Tatsache.<\/p>\n<\/div><div class=\"fusion-sep-clear\"><\/div><div class=\"fusion-separator fusion-full-width-sep\" style=\"margin-left: auto;margin-right: auto;margin-top:20px;width:100%;\"><\/div><div class=\"fusion-sep-clear\"><\/div><div class=\"fusion-clearfix\"><\/div><\/div><\/div><div class=\"fusion-layout-column fusion_builder_column fusion-builder-column-5 fusion_builder_column_3_5 3_5 fusion-three-fifth fusion-column-last\" style=\"margin-top:0px;margin-bottom:20px;\"><div class=\"fusion-column-wrapper fusion-flex-column-wrapper-legacy\" style=\"background-position:left top;background-repeat:no-repeat;-webkit-background-size:cover;-moz-background-size:cover;-o-background-size:cover;background-size:cover;background-color:#ffffff;border:1px solid #ebeef1;padding: 40px 40px 40px 40px;\"><div class=\"imageframe-align-center\"><div class=\"awb-image-frame awb-image-frame-3 imageframe-liftup\"><span class=\" fusion-imageframe imageframe-dropshadow imageframe-3\" style=\"border:13px solid #ffffff;-webkit-box-shadow: 3px 3px 7px rgba(0,0,0,0.3);box-shadow: 3px 3px 7px rgba(0,0,0,0.3);\"><a href=\"https:\/\/transporti-buneta.hr\/wp-content\/uploads\/2018\/10\/o-nama-1.jpg\" class=\"fusion-lightbox\" data-rel=\"iLightbox[199cdeaa0bb51dd609b]\" data-title=\"\u00fcber uns\" title=\"\u00fcber uns\"><img width=\"598\" height=\"398\" alt=\"\u00fcber uns\" src=\"https:\/\/transporti-buneta.hr\/wp-content\/uploads\/2018\/10\/o-nama-1.jpg\" class=\"img-responsive wp-image-2223\" srcset=\"https:\/\/transporti-buneta.hr\/wp-content\/uploads\/2018\/10\/o-nama-1-200x133.jpg 200w, https:\/\/transporti-buneta.hr\/wp-content\/uploads\/2018\/10\/o-nama-1-400x266.jpg 400w, https:\/\/transporti-buneta.hr\/wp-content\/uploads\/2018\/10\/o-nama-1.jpg 598w\" sizes=\"(max-width: 1105px) 100vw, 598px\" \/><\/a><\/span><\/div><\/div><div class=\"fusion-clearfix\"><\/div><\/div><\/div><\/div><\/div><div class=\"fusion-bg-parallax\" data-bg-align=\"left top\" data-direction=\"up\" data-mute=\"false\" data-opacity=\"100\" data-velocity=\"-0.3\" data-mobile-enabled=\"false\" data-break_parents=\"0\" data-bg-image=\"https:\/\/transporti-buneta.hr\/wp-content\/uploads\/2018\/11\/podloga-kamion.jpg\" data-bg-repeat=\"false\" ><\/div><div class=\"fusion-fullwidth fullwidth-box fusion-builder-row-4 fusion-parallax-up nonhundred-percent-fullwidth non-hundred-percent-height-scrolling\" style=\"background-color: rgba(255,255,255,0);background-image: url(&quot;https:\/\/transporti-buneta.hr\/wp-content\/uploads\/2018\/11\/podloga-kamion.jpg&quot;);background-position: left top;background-repeat: no-repeat;padding-top:100px;padding-right:0px;padding-bottom:100px;padding-left:0px;margin-bottom: 0px;margin-top: 0px;border-width: 0px 0px 0px 0px;border-color:#eae9e9;border-style:solid;-webkit-background-size:cover;-moz-background-size:cover;-o-background-size:cover;background-size:cover;\" ><div class=\"fusion-builder-row fusion-row\"><div class=\"fusion-layout-column fusion_builder_column fusion-builder-column-6 fusion_builder_column_1_6 1_6 fusion-one-sixth fusion-column-first\" style=\"width:13.3333%; margin-right: 4%;margin-top:0px;margin-bottom:20px;\"><div class=\"fusion-column-wrapper fusion-flex-column-wrapper-legacy\" style=\"background-position:left top;background-repeat:no-repeat;-webkit-background-size:cover;-moz-background-size:cover;-o-background-size:cover;background-size:cover;padding: 10% 10% 10% 10%;\"><div class=\"fusion-clearfix\"><\/div><\/div><\/div><div class=\"fusion-layout-column fusion_builder_column fusion-builder-column-7 fusion_builder_column_2_3 2_3 fusion-two-third\" style=\"width:65.3333%; margin-right: 4%;margin-top:0px;margin-bottom:20px;\"><div class=\"fusion-column-wrapper fusion-flex-column-wrapper-legacy\" style=\"background-position:left top;background-repeat:no-repeat;-webkit-background-size:cover;-moz-background-size:cover;-o-background-size:cover;background-size:cover;background-color:rgba(255,255,255,0.7);padding: 5% 5% 5% 5%;\"><div class=\"fusion-text fusion-text-7\"><p style=\"letter-spacing: 4px; font-size: 13px; margin-bottom: 0px; text-align: center;\">KONTAKTIEREN SIE UNS<\/p>\n<h1 style=\"text-align: center;\">Buchen Sie Ihren Transport!<\/h1>\n<\/div><div class=\"fusion-sep-clear\"><\/div><div class=\"fusion-separator\" style=\"margin-left: auto;margin-right: auto;margin-top:15px;margin-bottom:15px;width:100%;max-width:10%;\"><div class=\"fusion-separator-border sep-single sep-solid\" style=\"border-color:#1a278d;border-top-width:1px;\"><\/div><\/div><div class=\"fusion-sep-clear\"><\/div><div class=\"fusion-sep-clear\"><\/div><div class=\"fusion-separator fusion-full-width-sep\" style=\"margin-left: auto;margin-right: auto;margin-top:12px;width:100%;\"><\/div><div class=\"fusion-sep-clear\"><\/div><div class=\"fusion-aligncenter\"><style>.fusion-body .fusion-button.button-1{border-color:#6e9a1f;border-width:0px 0px 0px 0px;border-radius:0px 0px 0px 0px;background:#a0ce4e;}.fusion-body .fusion-button.button-1 .fusion-button-text,.fusion-body .fusion-button.button-1 i,.fusion-body .fusion-button.button-1:hover .fusion-button-text,.fusion-body .fusion-button.button-1:hover i,.fusion-body .fusion-button.button-1:focus .fusion-button-text,.fusion-body .fusion-button.button-1:focus i,.fusion-body .fusion-button.button-1:active .fusion-button-text,.fusion-body .fusion-button.button-1:active i{color:#ffffff;}.fusion-body .fusion-button.button-1:hover,.fusion-body .fusion-button.button-1:active,.fusion-body .fusion-button.button-1:focus{border-color:#ffffff;border-width:0px 0px 0px 0px;background:#1a278c;}.fusion-body .fusion-button.button-1 .fusion-button-icon-divider,.fusion-body .fusion-button.button-1:hover .fusion-button-icon-divider,.fusion-body .fusion-button.button-1:active .fusion-button-icon-divider,.fusion-body .fusion-button.button-1:focus .fusion-button-icon-divider{border-color:#ffffff;}<\/style><a class=\"fusion-button button-flat button-large button-custom button-1 fusion-button-default-span \" target=\"_blank\" rel=\"noopener noreferrer\" href=\"https:\/\/transporti-buneta.hr\/de\/kontakt\/\"><span class=\"fusion-button-text fusion-button-text-right\">Buchen<\/span><span class=\"fusion-button-icon-divider button-icon-divider-right\"><i class=\"fa-angle-right fas\" aria-hidden=\"true\"><\/i><\/span><\/a><\/div><div class=\"fusion-clearfix\"><\/div><\/div><\/div><div class=\"fusion-layout-column fusion_builder_column fusion-builder-column-8 fusion_builder_column_1_6 1_6 fusion-one-sixth fusion-column-last\" style=\"width:13.3333%;margin-top:0px;margin-bottom:20px;\"><div class=\"fusion-column-wrapper fusion-flex-column-wrapper-legacy\" style=\"background-position:left top;background-repeat:no-repeat;-webkit-background-size:cover;-moz-background-size:cover;-o-background-size:cover;background-size:cover;padding: 10% 10% 10% 10%;\"><div class=\"fusion-clearfix\"><\/div><\/div><\/div><\/div><\/div><div class=\"fusion-fullwidth fullwidth-box fusion-builder-row-5 nonhundred-percent-fullwidth non-hundred-percent-height-scrolling\" style=\"background-color: rgba(255,255,255,0);background-position: center center;background-repeat: no-repeat;padding-top:0px;padding-right:0px;padding-bottom:0px;padding-left:0px;margin-bottom: 0px;margin-top: 0px;border-width: 0px 0px 0px 0px;border-color:#eae9e9;border-style:solid;\" ><div class=\"fusion-builder-row fusion-row\"><div class=\"fusion-layout-column fusion_builder_column fusion-builder-column-9 fusion_builder_column_1_1 1_1 fusion-one-full fusion-column-first fusion-column-last\" style=\"margin-top:0px;margin-bottom:20px;\"><div class=\"fusion-column-wrapper fusion-flex-column-wrapper-legacy\" style=\"background-position:left top;background-repeat:no-repeat;-webkit-background-size:cover;-moz-background-size:cover;-o-background-size:cover;background-size:cover;padding: 0px 0px 0px 0px;\"><div class=\"fusion-sep-clear\"><\/div><div class=\"fusion-separator fusion-full-width-sep\" style=\"margin-left: auto;margin-right: auto;margin-bottom:50PX;width:100%;\"><\/div><div class=\"fusion-sep-clear\"><\/div><div class=\"fusion-clearfix\"><\/div><\/div><\/div><\/div><\/div><\/p>\n","protected":false},"excerpt":{"rendered":"","protected":false},"author":1,"featured_media":0,"parent":0,"menu_order":2,"comment_status":"open","ping_status":"open","template":"100-width.php","meta":[],"yoast_head":"<!-- This site is optimized with the Yoast SEO plugin v19.1 - https:\/\/yoast.com\/wordpress\/plugins\/seo\/ -->\n<title>\u00dcber uns - Transporti Buneta<\/title>\n<meta name=\"description\" content=\"Das Gesch\u00e4ftsmotto \u201eWir geben niemals auf!\u201c in der Gesch\u00e4ftsdynamik und ein hohes Engagement der Angestellten helfen uns nach der f\u00fchrenden Position zu streben.\" \/>\n<meta name=\"robots\" content=\"index, follow, max-snippet:-1, max-image-preview:large, max-video-preview:-1\" \/>\n<link rel=\"canonical\" href=\"https:\/\/transporti-buneta.hr\/de\/ueber-uns\/\" \/>\n<meta property=\"og:locale\" content=\"de_DE\" \/>\n<meta property=\"og:type\" content=\"article\" \/>\n<meta property=\"og:title\" content=\"\u00dcber uns - Transporti Buneta\" \/>\n<meta property=\"og:description\" content=\"Das Gesch\u00e4ftsmotto \u201eWir geben niemals auf!\u201c in der Gesch\u00e4ftsdynamik und ein hohes Engagement der Angestellten helfen uns nach der f\u00fchrenden Position zu streben.\" \/>\n<meta property=\"og:url\" content=\"https:\/\/transporti-buneta.hr\/de\/ueber-uns\/\" \/>\n<meta property=\"og:site_name\" content=\"Transporti Buneta\" \/>\n<meta property=\"article:modified_time\" content=\"2018-11-06T12:02:07+00:00\" \/>\n<meta name=\"twitter:card\" content=\"summary_large_image\" \/>\n<meta name=\"twitter:label1\" content=\"Gesch\u00e4tzte Lesezeit\" \/>\n\t<meta name=\"twitter:data1\" content=\"11\u00a0Minuten\" \/>\n<script type=\"application\/ld+json\" class=\"yoast-schema-graph\">{\"@context\":\"https:\/\/schema.org\",\"@graph\":[{\"@type\":\"WebSite\",\"@id\":\"https:\/\/transporti-buneta.hr\/#website\",\"url\":\"https:\/\/transporti-buneta.hr\/\",\"name\":\"Transporti Buneta\",\"description\":\"Me\u0111unarodni prijevoz tereta\",\"potentialAction\":[{\"@type\":\"SearchAction\",\"target\":{\"@type\":\"EntryPoint\",\"urlTemplate\":\"https:\/\/transporti-buneta.hr\/?s={search_term_string}\"},\"query-input\":\"required name=search_term_string\"}],\"inLanguage\":\"de\"},{\"@type\":\"WebPage\",\"@id\":\"https:\/\/transporti-buneta.hr\/de\/ueber-uns\/#webpage\",\"url\":\"https:\/\/transporti-buneta.hr\/de\/ueber-uns\/\",\"name\":\"\u00dcber uns - Transporti Buneta\",\"isPartOf\":{\"@id\":\"https:\/\/transporti-buneta.hr\/#website\"},\"datePublished\":\"2015-02-03T20:15:21+00:00\",\"dateModified\":\"2018-11-06T12:02:07+00:00\",\"description\":\"Das Gesch\u00e4ftsmotto \u201eWir geben niemals auf!\u201c in der Gesch\u00e4ftsdynamik und ein hohes Engagement der Angestellten helfen uns nach der f\u00fchrenden Position zu streben.\",\"breadcrumb\":{\"@id\":\"https:\/\/transporti-buneta.hr\/de\/ueber-uns\/#breadcrumb\"},\"inLanguage\":\"de\",\"potentialAction\":[{\"@type\":\"ReadAction\",\"target\":[\"https:\/\/transporti-buneta.hr\/de\/ueber-uns\/\"]}]},{\"@type\":\"BreadcrumbList\",\"@id\":\"https:\/\/transporti-buneta.hr\/de\/ueber-uns\/#breadcrumb\",\"itemListElement\":[{\"@type\":\"ListItem\",\"position\":1,\"name\":\"Po\u010detna stranica\",\"item\":\"https:\/\/transporti-buneta.hr\/de\/\"},{\"@type\":\"ListItem\",\"position\":2,\"name\":\"\u00dcber uns\"}]}]}<\/script>\n<!-- \/ Yoast SEO plugin. -->","yoast_head_json":{"title":"\u00dcber uns - Transporti Buneta","description":"Das Gesch\u00e4ftsmotto \u201eWir geben niemals auf!\u201c in der Gesch\u00e4ftsdynamik und ein hohes Engagement der Angestellten helfen uns nach der f\u00fchrenden Position zu streben.","robots":{"index":"index","follow":"follow","max-snippet":"max-snippet:-1","max-image-preview":"max-image-preview:large","max-video-preview":"max-video-preview:-1"},"canonical":"https:\/\/transporti-buneta.hr\/de\/ueber-uns\/","og_locale":"de_DE","og_type":"article","og_title":"\u00dcber uns - Transporti Buneta","og_description":"Das Gesch\u00e4ftsmotto \u201eWir geben niemals auf!\u201c in der Gesch\u00e4ftsdynamik und ein hohes Engagement der Angestellten helfen uns nach der f\u00fchrenden Position zu streben.","og_url":"https:\/\/transporti-buneta.hr\/de\/ueber-uns\/","og_site_name":"Transporti Buneta","article_modified_time":"2018-11-06T12:02:07+00:00","twitter_card":"summary_large_image","twitter_misc":{"Gesch\u00e4tzte Lesezeit":"11\u00a0Minuten"},"schema":{"@context":"https:\/\/schema.org","@graph":[{"@type":"WebSite","@id":"https:\/\/transporti-buneta.hr\/#website","url":"https:\/\/transporti-buneta.hr\/","name":"Transporti Buneta","description":"Me\u0111unarodni prijevoz tereta","potentialAction":[{"@type":"SearchAction","target":{"@type":"EntryPoint","urlTemplate":"https:\/\/transporti-buneta.hr\/?s={search_term_string}"},"query-input":"required name=search_term_string"}],"inLanguage":"de"},{"@type":"WebPage","@id":"https:\/\/transporti-buneta.hr\/de\/ueber-uns\/#webpage","url":"https:\/\/transporti-buneta.hr\/de\/ueber-uns\/","name":"\u00dcber uns - Transporti Buneta","isPartOf":{"@id":"https:\/\/transporti-buneta.hr\/#website"},"datePublished":"2015-02-03T20:15:21+00:00","dateModified":"2018-11-06T12:02:07+00:00","description":"Das Gesch\u00e4ftsmotto \u201eWir geben niemals auf!\u201c in der Gesch\u00e4ftsdynamik und ein hohes Engagement der Angestellten helfen uns nach der f\u00fchrenden Position zu streben.","breadcrumb":{"@id":"https:\/\/transporti-buneta.hr\/de\/ueber-uns\/#breadcrumb"},"inLanguage":"de","potentialAction":[{"@type":"ReadAction","target":["https:\/\/transporti-buneta.hr\/de\/ueber-uns\/"]}]},{"@type":"BreadcrumbList","@id":"https:\/\/transporti-buneta.hr\/de\/ueber-uns\/#breadcrumb","itemListElement":[{"@type":"ListItem","position":1,"name":"Po\u010detna stranica","item":"https:\/\/transporti-buneta.hr\/de\/"},{"@type":"ListItem","position":2,"name":"\u00dcber uns"}]}]}},"_links":{"self":[{"href":"https:\/\/transporti-buneta.hr\/de\/wp-json\/wp\/v2\/pages\/1891\/"}],"collection":[{"href":"https:\/\/transporti-buneta.hr\/de\/wp-json\/wp\/v2\/pages\/"}],"about":[{"href":"https:\/\/transporti-buneta.hr\/de\/wp-json\/wp\/v2\/types\/page\/"}],"author":[{"embeddable":true,"href":"https:\/\/transporti-buneta.hr\/de\/wp-json\/wp\/v2\/users\/1\/"}],"replies":[{"embeddable":true,"href":"https:\/\/transporti-buneta.hr\/de\/wp-json\/wp\/v2\/comments\/?post=1891"}],"version-history":[{"count":7,"href":"https:\/\/transporti-buneta.hr\/de\/wp-json\/wp\/v2\/pages\/1891\/revisions\/"}],"predecessor-version":[{"id":2348,"href":"https:\/\/transporti-buneta.hr\/de\/wp-json\/wp\/v2\/pages\/1891\/revisions\/2348\/"}],"wp:attachment":[{"href":"https:\/\/transporti-buneta.hr\/de\/wp-json\/wp\/v2\/media\/?parent=1891"}],"curies":[{"name":"wp","href":"https:\/\/api.w.org\/{rel}","templated":true}]}}